{"id":159,"date":"2023-06-15T02:15:00","date_gmt":"2023-06-15T02:15:00","guid":{"rendered":"https:\/\/demo2wpopal.b-cdn.net\/postero\/?page_id=159"},"modified":"2024-07-16T14:13:06","modified_gmt":"2024-07-16T14:13:06","slug":"contact","status":"publish","type":"page","link":"https:\/\/www.xoxolepiment.fr\/eu\/contact\/","title":{"rendered":"Contact"},"content":{"rendered":"<div data-elementor-type=\"wp-page\" data-elementor-id=\"159\" class=\"elementor elementor-159\">\n\t\t\t\t<div class=\"elementor-element elementor-element-748bd57 e-flex e-con-boxed e-con e-parent\" data-id=\"748bd57\" data-element_type=\"container\">\n\t\t\t\t\t<div class=\"e-con-inner\">\n\t\t\t\t<div class=\"elementor-element elementor-element-6854afb elementor-widget elementor-widget-heading\" data-id=\"6854afb\" data-element_type=\"widget\" data-widget_type=\"heading.default\">\n\t\t\t\t<div class=\"elementor-widget-container\">\n\t\t\t<style>\/*! elementor - v3.21.0 - 08-05-2024 *\/\n.elementor-heading-title{padding:0;margin:0;line-height:1}.elementor-widget-heading .elementor-heading-title[class*=elementor-size-]>a{color:inherit;font-size:inherit;line-height:inherit}.elementor-widget-heading .elementor-heading-title.elementor-size-small{font-size:15px}.elementor-widget-heading .elementor-heading-title.elementor-size-medium{font-size:19px}.elementor-widget-heading .elementor-heading-title.elementor-size-large{font-size:29px}.elementor-widget-heading .elementor-heading-title.elementor-size-xl{font-size:39px}.elementor-widget-heading .elementor-heading-title.elementor-size-xxl{font-size:59px}<\/style><h2 class=\"elementor-heading-title elementor-size-default\">CONTACT<\/h2>\t\t<\/div>\n\t\t\t\t<\/div>\n\t\t\t\t<div class=\"elementor-element elementor-element-8e994d7 elementor-widget elementor-widget-google_maps\" data-id=\"8e994d7\" data-element_type=\"widget\" data-widget_type=\"google_maps.default\">\n\t\t\t\t<div class=\"elementor-widget-container\">\n\t\t\t<style>\/*! elementor - v3.21.0 - 08-05-2024 *\/\n.elementor-widget-google_maps .elementor-widget-container{overflow:hidden}.elementor-widget-google_maps .elementor-custom-embed{line-height:0}.elementor-widget-google_maps iframe{height:300px}<\/style>\t\t<div class=\"elementor-custom-embed\">\n\t\t\t<iframe loading=\"lazy\"\n\t\t\t\t\tsrc=\"https:\/\/maps.google.com\/maps?q=32%2C%20chemin%20de%20Berhartia%2C%2064250%2C%20Cambo-les-Bains&#038;t=m&#038;z=12&#038;output=embed&#038;iwloc=near\"\n\t\t\t\t\ttitle=\"32, chemin de Berhartia, 64250, Cambo-les-Bains\"\n\t\t\t\t\taria-label=\"32, chemin de Berhartia, 64250, Cambo-les-Bains\"\n\t\t\t><\/iframe>\n\t\t<\/div>\n\t\t\t\t<\/div>\n\t\t\t\t<\/div>\n\t\t\t\t\t<\/div>\n\t\t\t\t<\/div>\n\t\t<div class=\"elementor-element elementor-element-39b3ca5 e-flex e-con-boxed e-con e-parent\" data-id=\"39b3ca5\" data-element_type=\"container\">\n\t\t\t\t\t<div class=\"e-con-inner\">\n\t\t\t\t<div class=\"elementor-element elementor-element-fcc7b1c elementor-widget elementor-widget-heading\" data-id=\"fcc7b1c\" data-element_type=\"widget\" data-widget_type=\"heading.default\">\n\t\t\t\t<div class=\"elementor-widget-container\">\n\t\t\t<h2 class=\"elementor-heading-title elementor-size-default\">UNE QUESTION ?<\/h2>\t\t<\/div>\n\t\t\t\t<\/div>\n\t\t\t\t<div class=\"elementor-element elementor-element-95abe8b elementor-widget elementor-widget-postero-contactform\" data-id=\"95abe8b\" data-element_type=\"widget\" data-widget_type=\"postero-contactform.default\">\n\t\t\t\t<div class=\"elementor-widget-container\">\n\t\t\t\n<div class=\"wpcf7 no-js\" id=\"wpcf7-f5225-o1\" lang=\"en-US\" dir=\"ltr\">\n<div class=\"screen-reader-response\"><p role=\"status\" aria-live=\"polite\" aria-atomic=\"true\"><\/p> <ul><\/ul><\/div>\n<form action=\"\/eu\/wp-json\/wp\/v2\/pages\/159#wpcf7-f5225-o1\" method=\"post\" class=\"wpcf7-form init\" aria-label=\"Contact form\" novalidate=\"novalidate\" data-status=\"init\" data-trp-original-action=\"\/eu\/wp-json\/wp\/v2\/pages\/159#wpcf7-f5225-o1\">\n<div style=\"display: none;\">\n<input type=\"hidden\" name=\"_wpcf7\" value=\"5225\" \/>\n<input type=\"hidden\" name=\"_wpcf7_version\" value=\"5.9.6\" \/>\n<input type=\"hidden\" name=\"_wpcf7_locale\" value=\"en_US\" \/>\n<input type=\"hidden\" name=\"_wpcf7_unit_tag\" value=\"wpcf7-f5225-o1\" \/>\n<input type=\"hidden\" name=\"_wpcf7_container_post\" value=\"0\" \/>\n<input type=\"hidden\" name=\"_wpcf7_posted_data_hash\" value=\"\" \/>\n<\/div>\n<div class=\"ct-form\">\n\t<div class=\"row\">\n\t\t<div class=\"column-1\">\n\t\t\t<p><label>Nom, pr\u00e9nom<\/label><br \/>\n<span class=\"wpcf7-form-control-wrap\" data-name=\"your-name\"><input size=\"40\" maxlength=\"80\" class=\"wpcf7-form-control wpcf7-text wpcf7-validates-as-required\" aria-required=\"true\" aria-invalid=\"false\" value=\"\" type=\"text\" name=\"your-name\" \/><\/span>\n\t\t\t<\/p>\n\t\t<\/div>\n\t\t<div class=\"column-2\">\n\t\t\t<p><label>Votre t\u00e9l\u00e9phone<\/label><br \/>\n<span class=\"wpcf7-form-control-wrap\" data-name=\"number\"><input size=\"40\" maxlength=\"80\" class=\"wpcf7-form-control wpcf7-text wpcf7-validates-as-required\" aria-required=\"true\" aria-invalid=\"false\" value=\"\" type=\"text\" name=\"number\" \/><\/span>\n\t\t\t<\/p>\n\t\t<\/div>\n\t\t<div class=\"column-3\">\n\t\t\t<p><label>Votre email<\/label><br \/>\n<span class=\"wpcf7-form-control-wrap\" data-name=\"your-email\"><input size=\"40\" maxlength=\"80\" class=\"wpcf7-form-control wpcf7-email wpcf7-validates-as-required wpcf7-text wpcf7-validates-as-email\" aria-required=\"true\" aria-invalid=\"false\" value=\"\" type=\"email\" name=\"your-email\" \/><\/span>\n\t\t\t<\/p>\n\t\t<\/div>\n\t\t<div class=\"column-4\">\n\t\t\t<p><label>Sujet<\/label><br \/>\n<span class=\"wpcf7-form-control-wrap\" data-name=\"your-message\"><textarea cols=\"40\" rows=\"4\" maxlength=\"400\" class=\"wpcf7-form-control wpcf7-textarea\" aria-invalid=\"false\" name=\"your-message\"><\/textarea><\/span>\n\t\t\t<\/p>\n\t\t<\/div>\n\t<\/div>\n\t<p><input class=\"wpcf7-form-control wpcf7-submit has-spinner\" type=\"submit\" value=\"Envoyer\" \/>\n\t<\/p>\n<\/div><div class=\"wpcf7-response-output\" aria-hidden=\"true\"><\/div>\n<input type=\"hidden\" name=\"trp-form-language\" value=\"eu\"\/><\/form>\n<\/div>\n\t\t<\/div>\n\t\t\t\t<\/div>\n\t\t\t\t\t<\/div>\n\t\t\t\t<\/div>\n\t\t\t\t<\/div>","protected":false},"excerpt":{"rendered":"<p>CONTACT UNE QUESTION ? Nom, pr\u00e9nom Votre t\u00e9l\u00e9phone Votre email Sujet<\/p>","protected":false},"author":1,"featured_media":0,"parent":0,"menu_order":0,"comment_status":"closed","ping_status":"closed","template":"template-homepage.php","meta":{"footnotes":""},"class_list":["post-159","page","type-page","status-publish","hentry"],"yoast_head":"<!-- This site is optimized with the Yoast SEO plugin v22.9 - https:\/\/yoast.com\/wordpress\/plugins\/seo\/ -->\n<title>Contact XOXO le Piment<\/title>\n<meta name=\"description\" content=\"Une question ? Besoin d&#039;un renseignement ? XOXO le Piment est \u00e0 votre disposition pour \u00e9changer avec vous via le formulaire de contact\" \/>\n<meta name=\"robots\" content=\"index, follow, max-snippet:-1, max-image-preview:large, max-video-preview:-1\" \/>\n<link rel=\"canonical\" href=\"https:\/\/www.xoxolepiment.fr\/eu\/contact\/\" \/>\n<meta property=\"og:locale\" content=\"en_US\" \/>\n<meta property=\"og:type\" content=\"article\" \/>\n<meta property=\"og:title\" content=\"Contact XOXO le Piment\" \/>\n<meta property=\"og:description\" content=\"Une question ? Besoin d&#039;un renseignement ? XOXO le Piment est \u00e0 votre disposition pour \u00e9changer avec vous via le formulaire de contact\" \/>\n<meta property=\"og:url\" content=\"https:\/\/www.xoxolepiment.fr\/eu\/contact\/\" \/>\n<meta property=\"og:site_name\" content=\"XOXO le PIMENT\" \/>\n<meta property=\"article:publisher\" content=\"https:\/\/www.facebook.com\/xoxo.piment\" \/>\n<meta property=\"article:modified_time\" content=\"2024-07-16T14:13:06+00:00\" \/>\n<meta name=\"twitter:card\" content=\"summary_large_image\" \/>\n<meta name=\"twitter:label1\" content=\"Est. reading time\" \/>\n\t<meta name=\"twitter:data1\" content=\"1 minutua\" \/>\n<script type=\"application\/ld+json\" class=\"yoast-schema-graph\">{\"@context\":\"https:\/\/schema.org\",\"@graph\":[{\"@type\":\"WebPage\",\"@id\":\"https:\/\/www.xoxolepiment.fr\/contact\/\",\"url\":\"https:\/\/www.xoxolepiment.fr\/contact\/\",\"name\":\"Contact XOXO le Piment\",\"isPartOf\":{\"@id\":\"https:\/\/www.xoxolepiment.fr\/#website\"},\"datePublished\":\"2023-06-15T02:15:00+00:00\",\"dateModified\":\"2024-07-16T14:13:06+00:00\",\"description\":\"Une question ? Besoin d'un renseignement ? XOXO le Piment est \u00e0 votre disposition pour \u00e9changer avec vous via le formulaire de contact\",\"breadcrumb\":{\"@id\":\"https:\/\/www.xoxolepiment.fr\/contact\/#breadcrumb\"},\"inLanguage\":\"eu\",\"potentialAction\":[{\"@type\":\"ReadAction\",\"target\":[\"https:\/\/www.xoxolepiment.fr\/contact\/\"]}]},{\"@type\":\"BreadcrumbList\",\"@id\":\"https:\/\/www.xoxolepiment.fr\/contact\/#breadcrumb\",\"itemListElement\":[{\"@type\":\"ListItem\",\"position\":1,\"name\":\"Accueil\",\"item\":\"https:\/\/www.xoxolepiment.fr\/\"},{\"@type\":\"ListItem\",\"position\":2,\"name\":\"Contact\"}]},{\"@type\":\"WebSite\",\"@id\":\"https:\/\/www.xoxolepiment.fr\/#website\",\"url\":\"https:\/\/www.xoxolepiment.fr\/\",\"name\":\"Objets, souvenirs du Pays Basque\",\"description\":\"Objets, souvenirs du Pays Basque\",\"publisher\":{\"@id\":\"https:\/\/www.xoxolepiment.fr\/#organization\"},\"potentialAction\":[{\"@type\":\"SearchAction\",\"target\":{\"@type\":\"EntryPoint\",\"urlTemplate\":\"https:\/\/www.xoxolepiment.fr\/?s={search_term_string}\"},\"query-input\":\"required name=search_term_string\"}],\"inLanguage\":\"eu\"},{\"@type\":\"Organization\",\"@id\":\"https:\/\/www.xoxolepiment.fr\/#organization\",\"name\":\"XOXO le piment\",\"url\":\"https:\/\/www.xoxolepiment.fr\/\",\"logo\":{\"@type\":\"ImageObject\",\"inLanguage\":\"eu\",\"@id\":\"https:\/\/www.xoxolepiment.fr\/#\/schema\/logo\/image\/\",\"url\":\"https:\/\/www.xoxolepiment.fr\/wp-content\/uploads\/2024\/07\/cropped-Logo-Xoxo-header.png\",\"contentUrl\":\"https:\/\/www.xoxolepiment.fr\/wp-content\/uploads\/2024\/07\/cropped-Logo-Xoxo-header.png\",\"width\":300,\"height\":200,\"caption\":\"XOXO le piment\"},\"image\":{\"@id\":\"https:\/\/www.xoxolepiment.fr\/#\/schema\/logo\/image\/\"},\"sameAs\":[\"https:\/\/www.facebook.com\/xoxo.piment\",\"https:\/\/www.instagram.com\/xoxo.piment\/\"]}]}<\/script>\n<!-- \/ Yoast SEO plugin. -->","yoast_head_json":{"title":"Contact XOXO le Piment","description":"Une question ? Besoin d'un renseignement ? XOXO le Piment est \u00e0 votre disposition pour \u00e9changer avec vous via le formulaire de contact","robots":{"index":"index","follow":"follow","max-snippet":"max-snippet:-1","max-image-preview":"max-image-preview:large","max-video-preview":"max-video-preview:-1"},"canonical":"https:\/\/www.xoxolepiment.fr\/eu\/contact\/","og_locale":"en_US","og_type":"article","og_title":"Contact XOXO le Piment","og_description":"Une question ? Besoin d'un renseignement ? XOXO le Piment est \u00e0 votre disposition pour \u00e9changer avec vous via le formulaire de contact","og_url":"https:\/\/www.xoxolepiment.fr\/eu\/contact\/","og_site_name":"XOXO le PIMENT","article_publisher":"https:\/\/www.facebook.com\/xoxo.piment","article_modified_time":"2024-07-16T14:13:06+00:00","twitter_card":"summary_large_image","twitter_misc":{"Est. reading time":"1 minutua"},"schema":{"@context":"https:\/\/schema.org","@graph":[{"@type":"WebPage","@id":"https:\/\/www.xoxolepiment.fr\/contact\/","url":"https:\/\/www.xoxolepiment.fr\/contact\/","name":"Contact XOXO le Piment","isPartOf":{"@id":"https:\/\/www.xoxolepiment.fr\/#website"},"datePublished":"2023-06-15T02:15:00+00:00","dateModified":"2024-07-16T14:13:06+00:00","description":"Une question ? Besoin d'un renseignement ? XOXO le Piment est \u00e0 votre disposition pour \u00e9changer avec vous via le formulaire de contact","breadcrumb":{"@id":"https:\/\/www.xoxolepiment.fr\/contact\/#breadcrumb"},"inLanguage":"eu","potentialAction":[{"@type":"ReadAction","target":["https:\/\/www.xoxolepiment.fr\/contact\/"]}]},{"@type":"BreadcrumbList","@id":"https:\/\/www.xoxolepiment.fr\/contact\/#breadcrumb","itemListElement":[{"@type":"ListItem","position":1,"name":"Accueil","item":"https:\/\/www.xoxolepiment.fr\/"},{"@type":"ListItem","position":2,"name":"Contact"}]},{"@type":"WebSite","@id":"https:\/\/www.xoxolepiment.fr\/#website","url":"https:\/\/www.xoxolepiment.fr\/","name":"Objets, souvenirs du Pays Basque","description":"Objets, souvenirs du Pays Basque","publisher":{"@id":"https:\/\/www.xoxolepiment.fr\/#organization"},"potentialAction":[{"@type":"SearchAction","target":{"@type":"EntryPoint","urlTemplate":"https:\/\/www.xoxolepiment.fr\/?s={search_term_string}"},"query-input":"required name=search_term_string"}],"inLanguage":"eu"},{"@type":"Organization","@id":"https:\/\/www.xoxolepiment.fr\/#organization","name":"XOXO le piment","url":"https:\/\/www.xoxolepiment.fr\/","logo":{"@type":"ImageObject","inLanguage":"eu","@id":"https:\/\/www.xoxolepiment.fr\/#\/schema\/logo\/image\/","url":"https:\/\/www.xoxolepiment.fr\/wp-content\/uploads\/2024\/07\/cropped-Logo-Xoxo-header.png","contentUrl":"https:\/\/www.xoxolepiment.fr\/wp-content\/uploads\/2024\/07\/cropped-Logo-Xoxo-header.png","width":300,"height":200,"caption":"XOXO le piment"},"image":{"@id":"https:\/\/www.xoxolepiment.fr\/#\/schema\/logo\/image\/"},"sameAs":["https:\/\/www.facebook.com\/xoxo.piment","https:\/\/www.instagram.com\/xoxo.piment\/"]}]}},"_links":{"self":[{"href":"https:\/\/www.xoxolepiment.fr\/eu\/wp-json\/wp\/v2\/pages\/159","targetHints":{"allow":["GET"]}}],"collection":[{"href":"https:\/\/www.xoxolepiment.fr\/eu\/wp-json\/wp\/v2\/pages"}],"about":[{"href":"https:\/\/www.xoxolepiment.fr\/eu\/wp-json\/wp\/v2\/types\/page"}],"author":[{"embeddable":true,"href":"https:\/\/www.xoxolepiment.fr\/eu\/wp-json\/wp\/v2\/users\/1"}],"replies":[{"embeddable":true,"href":"https:\/\/www.xoxolepiment.fr\/eu\/wp-json\/wp\/v2\/comments?post=159"}],"version-history":[{"count":12,"href":"https:\/\/www.xoxolepiment.fr\/eu\/wp-json\/wp\/v2\/pages\/159\/revisions"}],"predecessor-version":[{"id":7285,"href":"https:\/\/www.xoxolepiment.fr\/eu\/wp-json\/wp\/v2\/pages\/159\/revisions\/7285"}],"wp:attachment":[{"href":"https:\/\/www.xoxolepiment.fr\/eu\/wp-json\/wp\/v2\/media?parent=159"}],"curies":[{"name":"wp","href":"https:\/\/api.w.org\/{rel}","templated":true}]}}