{"id":3,"date":"2024-04-26T09:44:32","date_gmt":"2024-04-26T09:44:32","guid":{"rendered":"https:\/\/gl-design.net\/\/32\/?page_id=3"},"modified":"2024-07-16T09:08:48","modified_gmt":"2024-07-16T09:08:48","slug":"mentions-legales-et-politique-de-confidentialite","status":"publish","type":"page","link":"https:\/\/www.xoxolepiment.fr\/eu\/mentions-legales-et-politique-de-confidentialite\/","title":{"rendered":"MENTIONS LEGALES ET POLITIQUE DE CONFIDENTIALITE"},"content":{"rendered":"<div data-elementor-type=\"wp-page\" data-elementor-id=\"3\" class=\"elementor elementor-3\">\n\t\t\t\t<div class=\"elementor-element elementor-element-245cf36e e-flex e-con-boxed e-con e-parent\" data-id=\"245cf36e\" data-element_type=\"container\">\n\t\t\t\t\t<div class=\"e-con-inner\">\n\t\t\t\t<div class=\"elementor-element elementor-element-44f4fcbe elementor-widget elementor-widget-text-editor\" data-id=\"44f4fcbe\" data-element_type=\"widget\" data-widget_type=\"text-editor.default\">\n\t\t\t\t<div class=\"elementor-widget-container\">\n\t\t\t<style>\/*! elementor - v3.21.0 - 08-05-2024 *\/\n.elementor-widget-text-editor.elementor-drop-cap-view-stacked .elementor-drop-cap{background-color:#69727d;color:#fff}.elementor-widget-text-editor.elementor-drop-cap-view-framed .elementor-drop-cap{color:#69727d;border:3px solid;background-color:transparent}.elementor-widget-text-editor:not(.elementor-drop-cap-view-default) .elementor-drop-cap{margin-top:8px}.elementor-widget-text-editor:not(.elementor-drop-cap-view-default) .elementor-drop-cap-letter{width:1em;height:1em}.elementor-widget-text-editor .elementor-drop-cap{float:left;text-align:center;line-height:1;font-size:50px}.elementor-widget-text-editor .elementor-drop-cap-letter{display:inline-block}<\/style>\t\t\t\t<h2 class=\"wp-block-heading\"><strong>MENTIONS LEGALES<\/strong><\/h2><h4 class=\"wp-block-heading\">\u00c9DITEUR DU SITE ET CR\u00c9ATEUR<\/h4><p>Le pr\u00e9sent site est la propri\u00e9t\u00e9 de MONSIEUR GIL LESCURE \/ GL- DESIGN, 32 chemin BERHARTIA, 64250 CABO LES BAINS. Responsable de la publication : Gil LESCURE.<\/p><h4 class=\"wp-block-heading\">H\u00c9BERGEMENT<\/h4><p>O2switch, Chemin des Pardiaux, Clermont-Ferrand<\/p><h4 class=\"wp-block-heading\">PROPRI\u00c9T\u00c9 INTELLECTUELLE<\/h4><p>Le site internet exploit\u00e9 \u00e0 l\u2019adresse www.xoxolepiment.fr est la propri\u00e9t\u00e9 de Gil Lescure.<\/p><p>Ce site est en outre une \u0153uvre prot\u00e9g\u00e9e par le droit de la propri\u00e9t\u00e9 intellectuelle. Il comporte des textes, images, photographies, illustrations, logos, eux-m\u00eames prot\u00e9g\u00e9s par des droits de propri\u00e9t\u00e9s industrielle et intellectuelle.<\/p><p>L\u2019usage par l\u2019internaute de ce site est strictement r\u00e9serv\u00e9 \u00e0 un usage priv\u00e9, le droit d\u2019utilisation par l\u2019internaute \u00e9tant limit\u00e9 \u00e0 la consultation des informations figurant sur le site.<\/p><p>Toute utilisation, reproduction, t\u00e9l\u00e9chargement total ou partiel ou de l\u2019un de ses \u00e9l\u00e9ments textes, images, photographies illustrations, logos sans l\u2019accord de son propri\u00e9taire ou du titulaire des droits est en cons\u00e9quence interdite, \u00e0 l\u2019exception de la copie priv\u00e9e r\u00e9alis\u00e9e \u00e0 des fins personnelles et non commerciales.<\/p><p>Toute infraction au pr\u00e9sent article est susceptible d\u2019\u00eatre p\u00e9nalement et civilement sanctionn\u00e9e, notamment au titre de la contrefa\u00e7on et entra\u00eenera le cas \u00e9ch\u00e9ant le versement de dommages et int\u00e9r\u00eats.<\/p><h3 class=\"wp-block-heading\"><em><strong>Le but de cette politique de confidentialit\u00e9<\/strong><\/em><\/h3><p><em>Le but de cette politique de confidentialit\u00e9 est d\u2019informer les utilisateurs de notre site des donn\u00e9es personnelles que nous recueillerons ainsi que les informations suivantes, le cas \u00e9ch\u00e9ant :<\/em><\/p><ol><li>Les donn\u00e9es personnelles que nous recueillerons<\/li><li>L\u2019utilisation des donn\u00e9es recueillies<\/li><li>Qui a acc\u00e8s aux donn\u00e9es recueillies<\/li><li>Les droits des utilisateurs du site<\/li><li>La politique de cookies du site<\/li><\/ol><p>Cette politique de confidentialit\u00e9 fonctionne parall\u00e8lement aux conditions g\u00e9n\u00e9rales d\u2019utilisation de notre site.<\/p><p><strong>Lois applicables<\/strong><\/p><p>Conform\u00e9ment au\u00a0<em>R\u00e8glement g\u00e9n\u00e9ral sur la protection des donn\u00e9es<\/em>\u00a0(RGPD), cette politique de confidentialit\u00e9 est conforme aux r\u00e8glements suivants.<\/p><p>Les donn\u00e9es \u00e0 caract\u00e8re personnel doivent \u00eatre :<\/p><ol><li>trait\u00e9es de mani\u00e8re licite, loyale et transparente au regard de la personne concern\u00e9e (lic\u00e9it\u00e9, loyaut\u00e9, transparence) ;<\/li><li>collect\u00e9es pour des finalit\u00e9s d\u00e9termin\u00e9es, explicites et l\u00e9gitimes, et ne pas \u00eatre trait\u00e9es ult\u00e9rieurement d\u2019une mani\u00e8re incompatible avec ces finalit\u00e9s; le traitement ult\u00e9rieur \u00e0 des fins archivistiques dans l\u2019int\u00e9r\u00eat public, \u00e0 des fins de recherche scientifique ou historique ou \u00e0 des fins statistiques n\u2019est pas consid\u00e9r\u00e9, conform\u00e9ment \u00e0 l\u2019article 89, paragraphe 1, comme incompatible avec les finalit\u00e9s initiales (limitation des finalit\u00e9s) ;<\/li><li>ad\u00e9quates, pertinentes et limit\u00e9es \u00e0 ce qui est n\u00e9cessaire au regard des finalit\u00e9s pour lesquelles elles sont trait\u00e9es (minimisation des donn\u00e9es) ;<\/li><li>exactes et, si n\u00e9cessaire, tenues \u00e0 jour; toutes les mesures raisonnables doivent \u00eatre prises pour que les donn\u00e9es \u00e0 caract\u00e8re personnel qui sont inexactes, eu \u00e9gard aux finalit\u00e9s pour lesquelles elles sont trait\u00e9es, soient effac\u00e9es ou rectifi\u00e9es sans tarder (exactitude) ;<\/li><li>conserv\u00e9es sous une forme permettant l\u2019identification des personnes concern\u00e9es pendant une dur\u00e9e n\u2019exc\u00e9dant pas celle n\u00e9cessaire au regard des finalit\u00e9s pour lesquelles elles sont trait\u00e9es; les donn\u00e9es \u00e0 caract\u00e8re personnel peuvent \u00eatre conserv\u00e9es pour des dur\u00e9es plus longues dans la mesure o\u00f9 elles seront trait\u00e9es exclusivement \u00e0 des fins archivistiques dans l\u2019int\u00e9r\u00eat public, \u00e0 des fins de recherche scientifique ou historique ou \u00e0 des fins statistiques conform\u00e9ment \u00e0 l\u2019article 89, paragraphe 1, pour autant que soient mises en \u0153uvre les mesures techniques et organisationnelles appropri\u00e9es requises par le r\u00e8glement afin de garantir les droits et libert\u00e9s de la personne concern\u00e9e (limitation de la conservation) ;<\/li><li>trait\u00e9es de fa\u00e7on \u00e0 garantir une s\u00e9curit\u00e9 appropri\u00e9e des donn\u00e9es \u00e0 caract\u00e8re personnel, y compris la protection contre le traitement non autoris\u00e9 ou illicite et contre la perte, la destruction ou les d\u00e9g\u00e2ts d\u2019origine accidentelle, \u00e0 l\u2019aide de mesures techniques ou organisationnelles appropri\u00e9es (int\u00e9grit\u00e9 et confidentialit\u00e9).<\/li><\/ol><p>Le traitement n\u2019est licite que si, et dans la mesure o\u00f9, au moins une des conditions suivantes est remplie :<\/p><ol><li>la personne concern\u00e9e a consenti au traitement de ses donn\u00e9es \u00e0 caract\u00e8re personnel pour une ou plusieurs finalit\u00e9s sp\u00e9cifiques ;<\/li><li>le traitement est n\u00e9cessaire \u00e0 l\u2019ex\u00e9cution d\u2019un contrat auquel la personne concern\u00e9e est partie ou \u00e0 l\u2019ex\u00e9cution de mesures pr\u00e9contractuelles prises \u00e0 la demande de celle-ci ;<\/li><li>le traitement est n\u00e9cessaire au respect d\u2019une obligation l\u00e9gale \u00e0 laquelle le responsable du traitement est soumis ;<\/li><li>le traitement est n\u00e9cessaire \u00e0 la sauvegarde des int\u00e9r\u00eats vitaux de la personne concern\u00e9e ou d\u2019une autre personne physique ;<\/li><li>le traitement est n\u00e9cessaire \u00e0 l\u2019ex\u00e9cution d\u2019une mission d\u2019int\u00e9r\u00eat public ou relevant de l\u2019exercice de l\u2019autorit\u00e9 publique dont est investi le responsable du traitement ;<\/li><li>le traitement est n\u00e9cessaire aux fins des int\u00e9r\u00eats l\u00e9gitimes poursuivis par le responsable du traitement ou par un tiers, \u00e0 moins que ne pr\u00e9valent les int\u00e9r\u00eats ou les libert\u00e9s et droits fondamentaux de la personne concern\u00e9e qui exigent une protection des donn\u00e9es \u00e0 caract\u00e8re personnel, notamment lorsque la personne concern\u00e9e est un enfant.<\/li><\/ol><p>Pour les r\u00e9sidents de l\u2019\u00c9tat de Californie, cette politique de confidentialit\u00e9 vise \u00e0 se conformer \u00e0 la\u00a0<em>California Consumer Privacy Act (CCPA)<\/em>. S\u2019il y a des incoh\u00e9rences entre ce document et la\u00a0<em>CCPA<\/em>, la l\u00e9gislation de l\u2019\u00c9tat s\u2019appliquera. Si nous constatons des incoh\u00e9rences, nous modifierons notre politique pour nous conformer \u00e0 la loi pertinente.<\/p><p><strong>Consentement<\/strong><\/p><p>Les utilisateurs conviennent qu\u2019en utilisant notre site, ils consentent \u00e0 :<\/p><ol><li>les conditions \u00e9nonc\u00e9es dans la pr\u00e9sente politique de confidentialit\u00e9 et<\/li><li>la collecte, l\u2019utilisation et la conservation des donn\u00e9es \u00e9num\u00e9r\u00e9es dans la pr\u00e9sente politique.<\/li><\/ol><p><strong>Donn\u00e9es personnelles que nous collectons<\/strong><\/p><p><strong>Donn\u00e9es collect\u00e9es automatiquement<\/strong><\/p><p>Nous ne collectons aucune donn\u00e9e automatiquement sur notre site.<\/p><p><strong>Donn\u00e9es recueillies de fa\u00e7on non automatique<\/strong><\/p><p>Nous pouvons \u00e9galement collecter les donn\u00e9es suivantes lorsque vous effectuez certaines fonctions sur notre site\u00a0:<\/p><ol><li>Pr\u00e9nom et nom<\/li><li>Email<\/li><li>Num\u00e9ro de t\u00e9l\u00e9phone<\/li><\/ol><p>Ces donn\u00e9es peuvent \u00eatre recueillies au moyen des m\u00e9thodes suivantes\u00a0:<\/p><p>Formulaire de contact<\/p><p>Veuillez noter que nous ne collectons que les donn\u00e9es qui nous aident \u00e0 atteindre l\u2019objectif \u00e9nonc\u00e9 dans cette politique de confidentialit\u00e9. Nous ne recueillerons pas de donn\u00e9es suppl\u00e9mentaires sans vous en informer au pr\u00e9alable.<\/p><p><strong>Comment nous utilisons les donn\u00e9es personnelles<\/strong><\/p><p>Les donn\u00e9es personnelles recueillies sur notre site seront utilis\u00e9es uniquement aux fins pr\u00e9cis\u00e9es dans la pr\u00e9sente politique ou indiqu\u00e9es sur les pages pertinentes de notre site. Nous n\u2019utiliserons pas vos donn\u00e9es au-del\u00e0 de ce que nous divulguerons.<\/p><p>Les donn\u00e9es que nous recueillons lorsque l\u2019utilisateur ex\u00e9cute certaines fonctions peuvent \u00eatre utilis\u00e9es aux fins suivantes\u00a0:<\/p><ol><li>R\u00e9pondre \u00e0 une prise de contact<\/li><\/ol><p><strong>Avec qui nous partageons les donn\u00e9es personnelles<\/strong><\/p><p><strong>Employ\u00e9s<\/strong><br \/>Nous pouvons divulguer \u00e0 tout membre de notre organisation les donn\u00e9es utilisateur dont il a raisonnablement besoin pour r\u00e9aliser les objectifs \u00e9nonc\u00e9s dans la pr\u00e9sente politique. L\u2019Entreprise \u00e9tant compos\u00e9 uniquement d\u2019une personne, aucune autre personne tiers n\u2019aura d\u2019information.<\/p><p><strong>Autres divulgations<\/strong><br \/>Nous nous engageons \u00e0 ne pas vendre ou partager vos donn\u00e9es avec des tiers, sauf dans les cas suivants\u00a0:<\/p><ol><li>si la loi l\u2019exige<\/li><li>si elle est requise pour toute proc\u00e9dure judiciaire<\/li><li>pour prouver ou prot\u00e9ger nos droits l\u00e9gaux<\/li><li>\u00e0 des acheteurs ou des acheteurs potentiels de cette soci\u00e9t\u00e9 dans le cas o\u00f9 nous cherchons \u00e0 la vendre la soci\u00e9t\u00e9<\/li><\/ol><p>Si vous suivez des hyperliens de notre site vers un autre site, veuillez noter que nous ne sommes pas responsables et n\u2019avons pas de contr\u00f4le sur leurs politiques et pratiques de confidentialit\u00e9.<\/p><p><strong>Combien de temps nous stockons les donn\u00e9es personnelles<\/strong><\/p><p>Nous ne conservons pas les donn\u00e9es des utilisateurs au-del\u00e0 de ce qui est n\u00e9cessaire pour atteindre les fins pour lesquelles elles sont recueillies.<\/p><p><strong>Comment nous prot\u00e9geons vos donn\u00e9es personnelles<\/strong><\/p><p>Afin d\u2019assurer la protection de votre s\u00e9curit\u00e9, nous utilisons le protocole de s\u00e9curit\u00e9 de la couche transport pour transmettre des renseignements personnels dans notre syst\u00e8me.<\/p><p>Toutes les donn\u00e9es stock\u00e9es dans notre syst\u00e8me sont bien s\u00e9curis\u00e9es et ne sont accessibles qu\u2019\u00e0 nos employ\u00e9s. Nos employ\u00e9s sont li\u00e9s par des accords de confidentialit\u00e9 stricts et une violation de cet accord entra\u00eenerait le licenciement de l\u2019employ\u00e9.<\/p><p>Alors que nous prenons toutes les pr\u00e9cautions raisonnables pour nous assurer que nos donn\u00e9es d\u2019utilisateur sont s\u00e9curis\u00e9es et que les utilisateurs sont prot\u00e9g\u00e9s, il reste toujours du risque de pr\u00e9judice. L\u2019Internet en sa totalit\u00e9 peut \u00eatre, parfois, peu s\u00fbr et donc nous sommes incapables de garantir la s\u00e9curit\u00e9 des donn\u00e9es des utilisateurs au-del\u00e0 de ce qui est raisonnablement pratique.<\/p><p><strong>Mineurs<\/strong><\/p><p>Le RGPD pr\u00e9cise que les personnes de moins de 15 ans sont consid\u00e9r\u00e9es comme des mineurs aux fins de la collecte de donn\u00e9es. Les mineurs doivent avoir le consentement d\u2019un repr\u00e9sentant l\u00e9gal pour que leurs donn\u00e9es soient recueillies, trait\u00e9es et utilis\u00e9es.<\/p><p><strong>Vos droits en tant qu\u2019utilisateur<\/strong><\/p><p>En vertu du RGPD, les utilisateurs ont les droits suivants en tant que personnes concern\u00e9es :<\/p><ol><li>droit d\u2019acc\u00e8s<\/li><li>droit de rectification<\/li><li>droit \u00e0 l\u2019effacement<\/li><li>droit de restreindre le traitement<\/li><li>droit \u00e0 la portabilit\u00e9 des donn\u00e9es<\/li><li>droit d\u2019objection<\/li><\/ol><p>Vous trouverez de plus amples informations sur ces droits au chapitre 3 (art 12-23) du RGPD.<\/p><p><strong>Comment modifier, supprimer ou contester les donn\u00e9es recueillies<\/strong><\/p><p>Si vous souhaitez que vos renseignements soient supprim\u00e9s ou modifi\u00e9s d\u2019une fa\u00e7on ou d\u2019une autre, veuillez communiquer avec notre agent de protection de la vie priv\u00e9e ici :<\/p><p><strong>Gil Lescure<br \/>32 chemin Berhartia\u00a0<br \/>64250 Cambo les Bains<br \/>glescure@xoxolepiment.fr<br \/>06 68 74 43 07<\/strong><\/p><p><strong>Politique sur les cookies<\/strong><\/p><p>Un cookie est un petit fichier, stock\u00e9 sur le disque dur d\u2019un utilisateur par le site Web. Son but est de recueillir des donn\u00e9es relatives aux habitudes de navigation de l\u2019utilisateur.<\/p><p>Nous utilisons les types de cookies suivants sur notre site\u00a0:<\/p><ol><li><strong>Cookies fonctionnels<\/strong><br \/>Nous les utilisons pour m\u00e9moriser toutes les s\u00e9lections que vous faites sur notre site afin qu\u2019elles soient sauvegard\u00e9es pour vos prochaines visites.<\/li><li><strong>Cookies analytiques<\/strong><br \/>Cela nous permet d\u2019am\u00e9liorer la conception et la fonctionnalit\u00e9 de notre site en recueillant des donn\u00e9es sur le contenu auquel vous acc\u00e9dez et sur lequel vous vous accrochez en utilisant notre site.<\/li><\/ol><p>Vous pouvez choisir d\u2019\u00eatre averti chaque fois qu\u2019un cookie est transmis. Vous pouvez \u00e9galement choisir de d\u00e9sactiver les cookies enti\u00e8rement dans votre navigateur Internet, mais cela peut diminuer la qualit\u00e9 de votre exp\u00e9rience d\u2019utilisation.<\/p><p><strong>Modifications<\/strong><\/p><p>Cette politique de confidentialit\u00e9 peut \u00eatre modifi\u00e9e \u00e0 l\u2019occasion afin de maintenir la conformit\u00e9 avec la loi et de tenir compte de tout changement \u00e0 notre processus de collecte de donn\u00e9es. Nous recommandons \u00e0 nos utilisateurs de v\u00e9rifier notre politique de temps \u00e0 autre pour s\u2019assurer qu\u2019ils soient inform\u00e9s de toute mise \u00e0 jour. Au besoin, nous pouvons informer les utilisateurs par courriel des changements apport\u00e9s \u00e0 cette politique.<\/p><p><strong>Contact<\/strong><\/p><p>Si vous avez des questions \u00e0 nous poser, n\u2019h\u00e9sitez pas \u00e0 communiquer avec nous en utilisant ce qui suit\u00a0:<br \/><strong>06 68 74 43 07<br \/>glescure@xoxolepiment.fr<br \/><\/strong><strong>Gil Lescure<br \/>32 chemin Berhartia\u00a0<br \/>64250 Cambo les Bains<\/strong><\/p><p>\u00a0<\/p><p><em>Date d\u2019entr\u00e9e en vigueur\u00a0:\u00a0<\/em>le 1 Juin 2009<\/p>\t\t\t\t\t\t<\/div>\n\t\t\t\t<\/div>\n\t\t\t\t\t<\/div>\n\t\t\t\t<\/div>\n\t\t\t\t<\/div>","protected":false},"excerpt":{"rendered":"<p>MENTIONS LEGALES \u00c9DITEUR DU SITE ET CR\u00c9ATEUR Le pr\u00e9sent site est la propri\u00e9t\u00e9 de MONSIEUR GIL LESCURE \/ GL- DESIGN, 32 chemin BERHARTIA, 64250 CABO LES BAINS. Responsable de la publication : Gil LESCURE. H\u00c9BERGEMENT O2switch, Chemin des Pardiaux, Clermont-Ferrand PROPRI\u00c9T\u00c9 INTELLECTUELLE Le site internet exploit\u00e9 \u00e0 l\u2019adresse www.xoxolepiment.fr est la propri\u00e9t\u00e9 de Gil Lescure. [&hellip;]<\/p>","protected":false},"author":1,"featured_media":0,"parent":0,"menu_order":0,"comment_status":"closed","ping_status":"closed","template":"","meta":{"footnotes":""},"class_list":["post-3","page","type-page","status-publish","hentry"],"yoast_head":"<!-- This site is optimized with the Yoast SEO plugin v22.9 - https:\/\/yoast.com\/wordpress\/plugins\/seo\/ -->\n<title>MENTIONS LEGALES ET POLITIQUE DE CONFIDENTIALITE - XOXO le PIMENT<\/title>\n<meta name=\"description\" content=\"Mentions l\u00e9gales et politique de confidentialit\u00e9 du site xoxolepiment.fr.\" \/>\n<meta name=\"robots\" content=\"index, follow, max-snippet:-1, max-image-preview:large, max-video-preview:-1\" \/>\n<link rel=\"canonical\" href=\"https:\/\/www.xoxolepiment.fr\/eu\/mentions-legales-et-politique-de-confidentialite\/\" \/>\n<meta property=\"og:locale\" content=\"en_US\" \/>\n<meta property=\"og:type\" content=\"article\" \/>\n<meta property=\"og:title\" content=\"MENTIONS LEGALES ET POLITIQUE DE CONFIDENTIALITE - XOXO le PIMENT\" \/>\n<meta property=\"og:description\" content=\"Mentions l\u00e9gales et politique de confidentialit\u00e9 du site xoxolepiment.fr.\" \/>\n<meta property=\"og:url\" content=\"https:\/\/www.xoxolepiment.fr\/eu\/mentions-legales-et-politique-de-confidentialite\/\" \/>\n<meta property=\"og:site_name\" content=\"XOXO le PIMENT\" \/>\n<meta property=\"article:publisher\" content=\"https:\/\/www.facebook.com\/xoxo.piment\" \/>\n<meta property=\"article:modified_time\" content=\"2024-07-16T09:08:48+00:00\" \/>\n<meta name=\"twitter:card\" content=\"summary_large_image\" \/>\n<meta name=\"twitter:label1\" content=\"Est. reading time\" \/>\n\t<meta name=\"twitter:data1\" content=\"9 minutua\" \/>\n<script type=\"application\/ld+json\" class=\"yoast-schema-graph\">{\"@context\":\"https:\/\/schema.org\",\"@graph\":[{\"@type\":\"WebPage\",\"@id\":\"https:\/\/www.xoxolepiment.fr\/mentions-legales-et-politique-de-confidentialite\/\",\"url\":\"https:\/\/www.xoxolepiment.fr\/mentions-legales-et-politique-de-confidentialite\/\",\"name\":\"MENTIONS LEGALES ET POLITIQUE DE CONFIDENTIALITE - XOXO le PIMENT\",\"isPartOf\":{\"@id\":\"https:\/\/www.xoxolepiment.fr\/#website\"},\"datePublished\":\"2024-04-26T09:44:32+00:00\",\"dateModified\":\"2024-07-16T09:08:48+00:00\",\"description\":\"Mentions l\u00e9gales et politique de confidentialit\u00e9 du site xoxolepiment.fr.\",\"breadcrumb\":{\"@id\":\"https:\/\/www.xoxolepiment.fr\/mentions-legales-et-politique-de-confidentialite\/#breadcrumb\"},\"inLanguage\":\"eu\",\"potentialAction\":[{\"@type\":\"ReadAction\",\"target\":[\"https:\/\/www.xoxolepiment.fr\/mentions-legales-et-politique-de-confidentialite\/\"]}]},{\"@type\":\"BreadcrumbList\",\"@id\":\"https:\/\/www.xoxolepiment.fr\/mentions-legales-et-politique-de-confidentialite\/#breadcrumb\",\"itemListElement\":[{\"@type\":\"ListItem\",\"position\":1,\"name\":\"Accueil\",\"item\":\"https:\/\/www.xoxolepiment.fr\/\"},{\"@type\":\"ListItem\",\"position\":2,\"name\":\"MENTIONS LEGALES ET POLITIQUE DE CONFIDENTIALITE\"}]},{\"@type\":\"WebSite\",\"@id\":\"https:\/\/www.xoxolepiment.fr\/#website\",\"url\":\"https:\/\/www.xoxolepiment.fr\/\",\"name\":\"Objets, souvenirs du Pays Basque\",\"description\":\"Objets, souvenirs du Pays Basque\",\"publisher\":{\"@id\":\"https:\/\/www.xoxolepiment.fr\/#organization\"},\"potentialAction\":[{\"@type\":\"SearchAction\",\"target\":{\"@type\":\"EntryPoint\",\"urlTemplate\":\"https:\/\/www.xoxolepiment.fr\/?s={search_term_string}\"},\"query-input\":\"required name=search_term_string\"}],\"inLanguage\":\"eu\"},{\"@type\":\"Organization\",\"@id\":\"https:\/\/www.xoxolepiment.fr\/#organization\",\"name\":\"XOXO le piment\",\"url\":\"https:\/\/www.xoxolepiment.fr\/\",\"logo\":{\"@type\":\"ImageObject\",\"inLanguage\":\"eu\",\"@id\":\"https:\/\/www.xoxolepiment.fr\/#\/schema\/logo\/image\/\",\"url\":\"https:\/\/www.xoxolepiment.fr\/wp-content\/uploads\/2024\/07\/cropped-Logo-Xoxo-header.png\",\"contentUrl\":\"https:\/\/www.xoxolepiment.fr\/wp-content\/uploads\/2024\/07\/cropped-Logo-Xoxo-header.png\",\"width\":300,\"height\":200,\"caption\":\"XOXO le piment\"},\"image\":{\"@id\":\"https:\/\/www.xoxolepiment.fr\/#\/schema\/logo\/image\/\"},\"sameAs\":[\"https:\/\/www.facebook.com\/xoxo.piment\",\"https:\/\/www.instagram.com\/xoxo.piment\/\"]}]}<\/script>\n<!-- \/ Yoast SEO plugin. -->","yoast_head_json":{"title":"MENTIONS LEGALES ET POLITIQUE DE CONFIDENTIALITE - XOXO le PIMENT","description":"Mentions l\u00e9gales et politique de confidentialit\u00e9 du site xoxolepiment.fr.","robots":{"index":"index","follow":"follow","max-snippet":"max-snippet:-1","max-image-preview":"max-image-preview:large","max-video-preview":"max-video-preview:-1"},"canonical":"https:\/\/www.xoxolepiment.fr\/eu\/mentions-legales-et-politique-de-confidentialite\/","og_locale":"en_US","og_type":"article","og_title":"MENTIONS LEGALES ET POLITIQUE DE CONFIDENTIALITE - XOXO le PIMENT","og_description":"Mentions l\u00e9gales et politique de confidentialit\u00e9 du site xoxolepiment.fr.","og_url":"https:\/\/www.xoxolepiment.fr\/eu\/mentions-legales-et-politique-de-confidentialite\/","og_site_name":"XOXO le PIMENT","article_publisher":"https:\/\/www.facebook.com\/xoxo.piment","article_modified_time":"2024-07-16T09:08:48+00:00","twitter_card":"summary_large_image","twitter_misc":{"Est. reading time":"9 minutua"},"schema":{"@context":"https:\/\/schema.org","@graph":[{"@type":"WebPage","@id":"https:\/\/www.xoxolepiment.fr\/mentions-legales-et-politique-de-confidentialite\/","url":"https:\/\/www.xoxolepiment.fr\/mentions-legales-et-politique-de-confidentialite\/","name":"MENTIONS LEGALES ET POLITIQUE DE CONFIDENTIALITE - XOXO le PIMENT","isPartOf":{"@id":"https:\/\/www.xoxolepiment.fr\/#website"},"datePublished":"2024-04-26T09:44:32+00:00","dateModified":"2024-07-16T09:08:48+00:00","description":"Mentions l\u00e9gales et politique de confidentialit\u00e9 du site xoxolepiment.fr.","breadcrumb":{"@id":"https:\/\/www.xoxolepiment.fr\/mentions-legales-et-politique-de-confidentialite\/#breadcrumb"},"inLanguage":"eu","potentialAction":[{"@type":"ReadAction","target":["https:\/\/www.xoxolepiment.fr\/mentions-legales-et-politique-de-confidentialite\/"]}]},{"@type":"BreadcrumbList","@id":"https:\/\/www.xoxolepiment.fr\/mentions-legales-et-politique-de-confidentialite\/#breadcrumb","itemListElement":[{"@type":"ListItem","position":1,"name":"Accueil","item":"https:\/\/www.xoxolepiment.fr\/"},{"@type":"ListItem","position":2,"name":"MENTIONS LEGALES ET POLITIQUE DE CONFIDENTIALITE"}]},{"@type":"WebSite","@id":"https:\/\/www.xoxolepiment.fr\/#website","url":"https:\/\/www.xoxolepiment.fr\/","name":"Objets, souvenirs du Pays Basque","description":"Objets, souvenirs du Pays Basque","publisher":{"@id":"https:\/\/www.xoxolepiment.fr\/#organization"},"potentialAction":[{"@type":"SearchAction","target":{"@type":"EntryPoint","urlTemplate":"https:\/\/www.xoxolepiment.fr\/?s={search_term_string}"},"query-input":"required name=search_term_string"}],"inLanguage":"eu"},{"@type":"Organization","@id":"https:\/\/www.xoxolepiment.fr\/#organization","name":"XOXO le piment","url":"https:\/\/www.xoxolepiment.fr\/","logo":{"@type":"ImageObject","inLanguage":"eu","@id":"https:\/\/www.xoxolepiment.fr\/#\/schema\/logo\/image\/","url":"https:\/\/www.xoxolepiment.fr\/wp-content\/uploads\/2024\/07\/cropped-Logo-Xoxo-header.png","contentUrl":"https:\/\/www.xoxolepiment.fr\/wp-content\/uploads\/2024\/07\/cropped-Logo-Xoxo-header.png","width":300,"height":200,"caption":"XOXO le piment"},"image":{"@id":"https:\/\/www.xoxolepiment.fr\/#\/schema\/logo\/image\/"},"sameAs":["https:\/\/www.facebook.com\/xoxo.piment","https:\/\/www.instagram.com\/xoxo.piment\/"]}]}},"_links":{"self":[{"href":"https:\/\/www.xoxolepiment.fr\/eu\/wp-json\/wp\/v2\/pages\/3","targetHints":{"allow":["GET"]}}],"collection":[{"href":"https:\/\/www.xoxolepiment.fr\/eu\/wp-json\/wp\/v2\/pages"}],"about":[{"href":"https:\/\/www.xoxolepiment.fr\/eu\/wp-json\/wp\/v2\/types\/page"}],"author":[{"embeddable":true,"href":"https:\/\/www.xoxolepiment.fr\/eu\/wp-json\/wp\/v2\/users\/1"}],"replies":[{"embeddable":true,"href":"https:\/\/www.xoxolepiment.fr\/eu\/wp-json\/wp\/v2\/comments?post=3"}],"version-history":[{"count":17,"href":"https:\/\/www.xoxolepiment.fr\/eu\/wp-json\/wp\/v2\/pages\/3\/revisions"}],"predecessor-version":[{"id":7229,"href":"https:\/\/www.xoxolepiment.fr\/eu\/wp-json\/wp\/v2\/pages\/3\/revisions\/7229"}],"wp:attachment":[{"href":"https:\/\/www.xoxolepiment.fr\/eu\/wp-json\/wp\/v2\/media?parent=3"}],"curies":[{"name":"wp","href":"https:\/\/api.w.org\/{rel}","templated":true}]}}